                                                                                                                                                                                                                                                                                                                                                                                                                                                                   {"id":100,"date":"2022-03-10T13:35:38","date_gmt":"2022-03-10T16:35:38","guid":{"rendered":"http:\/\/cranfos.v4saman.com\/?page_id=100"},"modified":"2022-05-24T10:09:41","modified_gmt":"2022-05-24T13:09:41","slug":"home-3","status":"publish","type":"page","link":"http:\/\/cranfos.v4saman.com\/index.php\/home-3\/","title":{"rendered":"FazerParte"},"content":{"rendered":"\t\t<div data-elementor-type=\"wp-page\" data-elementor-id=\"100\" class=\"elementor elementor-100\">\n\t\t\t\t\t\t\t\t\t<section class=\"elementor-section elementor-top-section elementor-element elementor-element-9ba1efc elementor-section-full_width elementor-section-height-min-height elementor-section-height-default elementor-section-items-middle\" data-id=\"9ba1efc\" data-element_type=\"section\" data-settings=\"{&quot;background_background&quot;:&quot;classic&quot;}\">\n\t\t\t\t\t\t\t<div class=\"elementor-background-overlay\"><\/div>\n\t\t\t\t\t\t\t<div class=\"elementor-container elementor-column-gap-default\">\n\t\t\t\t\t<div class=\"elementor-column elementor-col-100 elementor-top-column elementor-element elementor-element-8df6201\" data-id=\"8df6201\" data-element_type=\"column\">\n\t\t\t<div class=\"elementor-widget-wrap elementor-element-populated\">\n\t\t\t\t\t\t\t\t<div class=\"elementor-element elementor-element-dc5a397 elementor-widget elementor-widget-spacer\" data-id=\"dc5a397\" data-element_type=\"widget\" data-widget_type=\"spacer.default\">\n\t\t\t\t<div class=\"elementor-widget-container\">\n\t\t\t<style>\/*! elementor - v3.6.4 - 13-04-2022 *\/\n.e-container.e-container--row .elementor-spacer-inner{width:var(--spacer-size)}.e-container.e-container--column .elementor-spacer-inner,.elementor-column .elementor-spacer-inner{height:var(--spacer-size)}<\/style>\t\t<div class=\"elementor-spacer\">\n\t\t\t<div class=\"elementor-spacer-inner\"><\/div>\n\t\t<\/div>\n\t\t\t\t<\/div>\n\t\t\t\t<\/div>\n\t\t\t\t<div class=\"elementor-element elementor-element-404bf4b elementor-widget elementor-widget-heading\" data-id=\"404bf4b\" data-element_type=\"widget\" data-widget_type=\"heading.default\">\n\t\t\t\t<div class=\"elementor-widget-container\">\n\t\t\t<style>\/*! elementor - v3.6.4 - 13-04-2022 *\/\n.elementor-heading-title{padding:0;margin:0;line-height:1}.elementor-widget-heading .elementor-heading-title[class*=elementor-size-]>a{color:inherit;font-size:inherit;line-height:inherit}.elementor-widget-heading .elementor-heading-title.elementor-size-small{font-size:15px}.elementor-widget-heading .elementor-heading-title.elementor-size-medium{font-size:19px}.elementor-widget-heading .elementor-heading-title.elementor-size-large{font-size:29px}.elementor-widget-heading .elementor-heading-title.elementor-size-xl{font-size:39px}.elementor-widget-heading .elementor-heading-title.elementor-size-xxl{font-size:59px}<\/style><h2 class=\"elementor-heading-title elementor-size-default\">Quer fazer parte do time Cranfos?<\/h2>\t\t<\/div>\n\t\t\t\t<\/div>\n\t\t\t\t<div class=\"elementor-element elementor-element-a4a9618 elementor-widget elementor-widget-spacer\" data-id=\"a4a9618\" data-element_type=\"widget\" data-widget_type=\"spacer.default\">\n\t\t\t\t<div class=\"elementor-widget-container\">\n\t\t\t\t\t<div class=\"elementor-spacer\">\n\t\t\t<div class=\"elementor-spacer-inner\"><\/div>\n\t\t<\/div>\n\t\t\t\t<\/div>\n\t\t\t\t<\/div>\n\t\t\t\t<section class=\"elementor-section elementor-inner-section elementor-element elementor-element-8bbe891 elementor-section-boxed elementor-section-height-default elementor-section-height-default\" data-id=\"8bbe891\" data-element_type=\"section\">\n\t\t\t\t\t\t<div class=\"elementor-container elementor-column-gap-default\">\n\t\t\t\t\t<div class=\"elementor-column elementor-col-100 elementor-inner-column elementor-element elementor-element-6852363\" data-id=\"6852363\" data-element_type=\"column\">\n\t\t\t<div class=\"elementor-widget-wrap elementor-element-populated\">\n\t\t\t\t\t\t\t\t<div class=\"elementor-element elementor-element-d15a3c0 elementor-widget elementor-widget-heading\" data-id=\"d15a3c0\" data-element_type=\"widget\" data-widget_type=\"heading.default\">\n\t\t\t\t<div class=\"elementor-widget-container\">\n\t\t\t<p class=\"elementor-heading-title elementor-size-default\">Se voc\u00ea \u00e9 uma pessoa <b> comprometida com seu desenvolvimento pessoal e profissional <\/b>, gosta de trabalhar em equipe e busca  sempre dar o seu melhor para a satisfa\u00e7\u00e3o de seus clientes, clique  no bot\u00e3o abaixo. Veja se voc\u00ea encaixa em uma de nossas vagas  abertas e fa\u00e7a sua aplica\u00e7\u00e3o!<\/p>\t\t<\/div>\n\t\t\t\t<\/div>\n\t\t\t\t<div class=\"elementor-element elementor-element-c82dacd elementor-align-center elementor-widget elementor-widget-button\" data-id=\"c82dacd\" data-element_type=\"widget\" data-widget_type=\"button.default\">\n\t\t\t\t<div class=\"elementor-widget-container\">\n\t\t\t\t\t<div class=\"elementor-button-wrapper\">\n\t\t\t<a href=\"https:\/\/cranfos.sistemapeoplenet.com.br\/rh\/vagas\/triagem\/7a6cc7da31e54e498a5d85246545162a\" class=\"elementor-button-link elementor-button elementor-size-xs\" role=\"button\">\n\t\t\t\t\t\t<span class=\"elementor-button-content-wrapper\">\n\t\t\t\t\t\t<span class=\"elementor-button-text\">Ver vagas abertas!<\/span>\n\t\t<\/span>\n\t\t\t\t\t<\/a>\n\t\t<\/div>\n\t\t\t\t<\/div>\n\t\t\t\t<\/div>\n\t\t\t\t\t<\/div>\n\t\t<\/div>\n\t\t\t\t\t\t\t<\/div>\n\t\t<\/section>\n\t\t\t\t\t<\/div>\n\t\t<\/div>\n\t\t\t\t\t\t\t<\/div>\n\t\t<\/section>\n\t\t\t\t\t\t\t<\/div>\n\t\t","protected":false},"excerpt":{"rendered":"<p>Quer fazer parte do time Cranfos? Se voc\u00ea \u00e9 uma pessoa comprometida com seu desenvolvimento pessoal e profissional , gosta de trabalhar em equipe e busca sempre dar o seu melhor para a satisfa\u00e7\u00e3o de seus clientes, clique no bot\u00e3o abaixo. Veja se voc\u00ea encaixa em uma de nossas vagas abertas e fa\u00e7a sua aplica\u00e7\u00e3o! &hellip;<\/p>\n<p class=\"read-more\"> <a class=\"\" href=\"http:\/\/cranfos.v4saman.com\/index.php\/home-3\/\"> <span class=\"screen-reader-text\">FazerParte<\/span> Leia mais &raquo;<\/a><\/p>\n","protected":false},"author":1,"featured_media":0,"parent":0,"menu_order":0,"comment_status":"closed","ping_status":"closed","template":"","meta":{"site-sidebar-layout":"no-sidebar","site-content-layout":"page-builder","ast-main-header-display":"","ast-hfb-above-header-display":"","ast-hfb-below-header-display":"","ast-hfb-mobile-header-display":"","site-post-title":"disabled","ast-breadcrumbs-content":"","ast-featured-img":"disabled","footer-sml-layout":"","theme-transparent-header-meta":"","adv-header-id-meta":"","stick-header-meta":"","header-above-stick-meta":"","header-main-stick-meta":"","header-below-stick-meta":""},"_links":{"self":[{"href":"http:\/\/cranfos.v4saman.com\/index.php\/wp-json\/wp\/v2\/pages\/100"}],"collection":[{"href":"http:\/\/cranfos.v4saman.com\/index.php\/wp-json\/wp\/v2\/pages"}],"about":[{"href":"http:\/\/cranfos.v4saman.com\/index.php\/wp-json\/wp\/v2\/types\/page"}],"author":[{"embeddable":true,"href":"http:\/\/cranfos.v4saman.com\/index.php\/wp-json\/wp\/v2\/users\/1"}],"replies":[{"embeddable":true,"href":"http:\/\/cranfos.v4saman.com\/index.php\/wp-json\/wp\/v2\/comments?post=100"}],"version-history":[{"count":18,"href":"http:\/\/cranfos.v4saman.com\/index.php\/wp-json\/wp\/v2\/pages\/100\/revisions"}],"predecessor-version":[{"id":656,"href":"http:\/\/cranfos.v4saman.com\/index.php\/wp-json\/wp\/v2\/pages\/100\/revisions\/656"}],"wp:attachment":[{"href":"http:\/\/cranfos.v4saman.com\/index.php\/wp-json\/wp\/v2\/media?parent=100"}],"curies":[{"name":"wp","href":"https:\/\/api.w.org\/{rel}","templated":true}]}}