                                                                                                                                                                                                                                                                                                                                                                                                                                                                   {"id":583,"date":"2022-04-27T13:52:11","date_gmt":"2022-04-27T16:52:11","guid":{"rendered":"http:\/\/cranfos.v4saman.com\/?page_id=583"},"modified":"2022-05-24T10:13:14","modified_gmt":"2022-05-24T13:13:14","slug":"fazerparte","status":"publish","type":"page","link":"http:\/\/cranfos.v4saman.com\/index.php\/fazerparte\/","title":{"rendered":"SGQ"},"content":{"rendered":"\t\t<div data-elementor-type=\"wp-page\" data-elementor-id=\"583\" class=\"elementor elementor-583\">\n\t\t\t\t\t\t\t\t\t<section class=\"elementor-section elementor-top-section elementor-element elementor-element-9ba1efc elementor-section-full_width elementor-section-height-min-height elementor-section-height-default elementor-section-items-middle\" data-id=\"9ba1efc\" data-element_type=\"section\" data-settings=\"{&quot;background_background&quot;:&quot;classic&quot;}\">\n\t\t\t\t\t\t\t<div class=\"elementor-background-overlay\"><\/div>\n\t\t\t\t\t\t\t<div class=\"elementor-container elementor-column-gap-default\">\n\t\t\t\t\t<div class=\"elementor-column elementor-col-100 elementor-top-column elementor-element elementor-element-8df6201\" data-id=\"8df6201\" data-element_type=\"column\">\n\t\t\t<div class=\"elementor-widget-wrap elementor-element-populated\">\n\t\t\t\t\t\t\t\t<div class=\"elementor-element elementor-element-dc5a397 elementor-widget elementor-widget-spacer\" data-id=\"dc5a397\" data-element_type=\"widget\" data-widget_type=\"spacer.default\">\n\t\t\t\t<div class=\"elementor-widget-container\">\n\t\t\t<style>\/*! elementor - v3.6.4 - 13-04-2022 *\/\n.e-container.e-container--row .elementor-spacer-inner{width:var(--spacer-size)}.e-container.e-container--column .elementor-spacer-inner,.elementor-column .elementor-spacer-inner{height:var(--spacer-size)}<\/style>\t\t<div class=\"elementor-spacer\">\n\t\t\t<div class=\"elementor-spacer-inner\"><\/div>\n\t\t<\/div>\n\t\t\t\t<\/div>\n\t\t\t\t<\/div>\n\t\t\t\t<div class=\"elementor-element elementor-element-404bf4b elementor-widget elementor-widget-heading\" data-id=\"404bf4b\" data-element_type=\"widget\" data-widget_type=\"heading.default\">\n\t\t\t\t<div class=\"elementor-widget-container\">\n\t\t\t<style>\/*! elementor - v3.6.4 - 13-04-2022 *\/\n.elementor-heading-title{padding:0;margin:0;line-height:1}.elementor-widget-heading .elementor-heading-title[class*=elementor-size-]>a{color:inherit;font-size:inherit;line-height:inherit}.elementor-widget-heading .elementor-heading-title.elementor-size-small{font-size:15px}.elementor-widget-heading .elementor-heading-title.elementor-size-medium{font-size:19px}.elementor-widget-heading .elementor-heading-title.elementor-size-large{font-size:29px}.elementor-widget-heading .elementor-heading-title.elementor-size-xl{font-size:39px}.elementor-widget-heading .elementor-heading-title.elementor-size-xxl{font-size:59px}<\/style><h2 class=\"elementor-heading-title elementor-size-default\">Sistema de gest\u00e3o da qualidade<\/h2>\t\t<\/div>\n\t\t\t\t<\/div>\n\t\t\t\t<div class=\"elementor-element elementor-element-a4a9618 elementor-widget elementor-widget-spacer\" data-id=\"a4a9618\" data-element_type=\"widget\" data-widget_type=\"spacer.default\">\n\t\t\t\t<div class=\"elementor-widget-container\">\n\t\t\t\t\t<div class=\"elementor-spacer\">\n\t\t\t<div class=\"elementor-spacer-inner\"><\/div>\n\t\t<\/div>\n\t\t\t\t<\/div>\n\t\t\t\t<\/div>\n\t\t\t\t<section class=\"elementor-section elementor-inner-section elementor-element elementor-element-8bbe891 elementor-section-boxed elementor-section-height-default elementor-section-height-default\" data-id=\"8bbe891\" data-element_type=\"section\">\n\t\t\t\t\t\t<div class=\"elementor-container elementor-column-gap-default\">\n\t\t\t\t\t<div class=\"elementor-column elementor-col-100 elementor-inner-column elementor-element elementor-element-6852363\" data-id=\"6852363\" data-element_type=\"column\">\n\t\t\t<div class=\"elementor-widget-wrap elementor-element-populated\">\n\t\t\t\t\t\t\t\t<div class=\"elementor-element elementor-element-d15a3c0 elementor-widget elementor-widget-heading\" data-id=\"d15a3c0\" data-element_type=\"widget\" data-widget_type=\"heading.default\">\n\t\t\t\t<div class=\"elementor-widget-container\">\n\t\t\t<p class=\"elementor-heading-title elementor-size-default\">A <b>CRANFOS<\/b> compromete-se com o cumprimento dos requisitos do <b>Sistema de Gest\u00e3o da Qualidade<\/b>,  de modo a atender as necessidades e expectativas das partes interessadas, impulsionando a organiza\u00e7\u00e3o para a melhoria continua do <b>SGQ<\/b>.\n<br><br>\nS\u00e3o Diretrizes B\u00e1sicas da <b> Pol\u00edtica do Sistema de Gest\u00e3o da Qualidade:<\/b>\n<br><br>\n-  A qualidade dos nossos produtos deve ser conquistada atrav\u00e9s da melhoria continua dos nossos processos e efic\u00e1cia do Sistema de Gest\u00e3o da Qualidade. Para isso devemos desempenhar um aperfei\u00e7oamento cont\u00ednuo de nossas a\u00e7\u00f5es individuais de forma a enriquecer os processos com as responsabilidades de cada um.\n <br><br>\n- Nossa busca pela qualidade passa pelo respeito as partes interessadas, que recebem o suporte necess\u00e1rio, colaboradores valorizados, fornecedores qualificados para garantir produtos de excelente qualidade.\n<br><br>\nDiretoria<\/p>\t\t<\/div>\n\t\t\t\t<\/div>\n\t\t\t\t\t<\/div>\n\t\t<\/div>\n\t\t\t\t\t\t\t<\/div>\n\t\t<\/section>\n\t\t\t\t\t<\/div>\n\t\t<\/div>\n\t\t\t\t\t\t\t<\/div>\n\t\t<\/section>\n\t\t\t\t\t\t\t<\/div>\n\t\t","protected":false},"excerpt":{"rendered":"<p>Sistema de gest\u00e3o da qualidade A CRANFOS compromete-se com o cumprimento dos requisitos do Sistema de Gest\u00e3o da Qualidade, de modo a atender as necessidades e expectativas das partes interessadas, impulsionando a organiza\u00e7\u00e3o para a melhoria continua do SGQ. S\u00e3o Diretrizes B\u00e1sicas da Pol\u00edtica do Sistema de Gest\u00e3o da Qualidade: &#8211; A qualidade dos nossos &hellip;<\/p>\n<p class=\"read-more\"> <a class=\"\" href=\"http:\/\/cranfos.v4saman.com\/index.php\/fazerparte\/\"> <span class=\"screen-reader-text\">SGQ<\/span> Leia mais &raquo;<\/a><\/p>\n","protected":false},"author":1,"featured_media":0,"parent":0,"menu_order":0,"comment_status":"closed","ping_status":"closed","template":"","meta":{"site-sidebar-layout":"no-sidebar","site-content-layout":"page-builder","ast-main-header-display":"","ast-hfb-above-header-display":"","ast-hfb-below-header-display":"","ast-hfb-mobile-header-display":"","site-post-title":"disabled","ast-breadcrumbs-content":"","ast-featured-img":"disabled","footer-sml-layout":"","theme-transparent-header-meta":"","adv-header-id-meta":"","stick-header-meta":"","header-above-stick-meta":"","header-main-stick-meta":"","header-below-stick-meta":""},"_links":{"self":[{"href":"http:\/\/cranfos.v4saman.com\/index.php\/wp-json\/wp\/v2\/pages\/583"}],"collection":[{"href":"http:\/\/cranfos.v4saman.com\/index.php\/wp-json\/wp\/v2\/pages"}],"about":[{"href":"http:\/\/cranfos.v4saman.com\/index.php\/wp-json\/wp\/v2\/types\/page"}],"author":[{"embeddable":true,"href":"http:\/\/cranfos.v4saman.com\/index.php\/wp-json\/wp\/v2\/users\/1"}],"replies":[{"embeddable":true,"href":"http:\/\/cranfos.v4saman.com\/index.php\/wp-json\/wp\/v2\/comments?post=583"}],"version-history":[{"count":9,"href":"http:\/\/cranfos.v4saman.com\/index.php\/wp-json\/wp\/v2\/pages\/583\/revisions"}],"predecessor-version":[{"id":662,"href":"http:\/\/cranfos.v4saman.com\/index.php\/wp-json\/wp\/v2\/pages\/583\/revisions\/662"}],"wp:attachment":[{"href":"http:\/\/cranfos.v4saman.com\/index.php\/wp-json\/wp\/v2\/media?parent=583"}],"curies":[{"name":"wp","href":"https:\/\/api.w.org\/{rel}","templated":true}]}}